{"id":10721,"date":"2025-08-06T19:27:29","date_gmt":"2025-08-06T17:27:29","guid":{"rendered":"https:\/\/taxi-moto.com\/?page_id=10721"},"modified":"2025-10-04T22:45:25","modified_gmt":"2025-10-04T20:45:25","slug":"devis","status":"publish","type":"page","link":"https:\/\/taxi-moto.com\/paris\/devis\/","title":{"rendered":"Devis"},"content":{"rendered":"\t\t<div data-elementor-type=\"wp-page\" data-elementor-id=\"10721\" class=\"elementor elementor-10721\">\n\t\t\t\t<div class=\"elementor-element elementor-element-c1054c6 e-con-full e-flex e-con e-parent\" data-id=\"c1054c6\" data-element_type=\"container\" data-settings=\"{&quot;background_background&quot;:&quot;classic&quot;}\">\n\t\t\t\t<div class=\"elementor-element elementor-element-486a3b45 elementor-widget elementor-widget-heading\" data-id=\"486a3b45\" data-element_type=\"widget\" data-widget_type=\"heading.default\">\n\t\t\t\t\t<h1 class=\"elementor-heading-title elementor-size-default\">Devis<\/h1>\t\t\t\t<\/div>\n\t\t\t\t<div class=\"elementor-element elementor-element-2edc2a79 elementor-widget elementor-widget-text-editor\" data-id=\"2edc2a79\" data-element_type=\"widget\" data-widget_type=\"text-editor.default\">\n\t\t\t\t\t\t\t\t\tNos chauffeurs vous proposent un devis clair pour votre course.\t\t\t\t\t\t\t\t<\/div>\n\t\t\t\t<\/div>\n\t\t<div class=\"elementor-element elementor-element-4bc14f15 e-con-full e-flex e-con e-parent\" data-id=\"4bc14f15\" data-element_type=\"container\">\n\t\t\t\t<div class=\"elementor-element elementor-element-295e9423 elementor-widget elementor-widget-html\" data-id=\"295e9423\" data-element_type=\"widget\" data-widget_type=\"html.default\">\n\t\t\t\t\t<div displaylogo= \"false\" displaylanguageupdate= \"false\"  attr=\"sp-container-standard\" id=\"sp-container-standard\"  src=\"https:\/\/taxi_moto_paris.spondei.com\/s\/IFeqtKj2wW4=\" height=\"900\" width=\"100%\" type=\"inline\"><\/div><script src=\"https:\/\/app.spondei.com\/assets\/js\/embedCode.js\"><\/script> \t\t\t\t<\/div>\n\t\t\t\t<\/div>\n\t\t\t\t<\/div>\n\t\t","protected":false},"excerpt":{"rendered":"<p>Devis Nos chauffeurs vous proposent un devis clair pour votre course.<\/p>\n","protected":false},"author":1,"featured_media":0,"parent":0,"menu_order":0,"comment_status":"closed","ping_status":"closed","template":"","meta":{"_joinchat":[],"footnotes":""},"class_list":["post-10721","page","type-page","status-publish","hentry"],"yoast_head":"<!-- This site is optimized with the Yoast SEO plugin v25.9 - https:\/\/yoast.com\/wordpress\/plugins\/seo\/ -->\n<title>Devis Taxi Moto Paris \u2013 R\u00e9servez Votre Course Rapide<\/title>\n<meta name=\"description\" content=\"Obtenez un devis instantan\u00e9 pour votre course en taxi moto \u00e0 Paris. Service rapide, s\u00fbr et disponible 24\/7. R\u00e9servez facilement en ligne d\u00e8s maintenant !\" \/>\n<meta name=\"robots\" content=\"index, follow, max-snippet:-1, max-image-preview:large, max-video-preview:-1\" \/>\n<link rel=\"canonical\" href=\"https:\/\/taxi-moto.com\/paris\/devis\/\" \/>\n<meta property=\"og:locale\" content=\"fr_FR\" \/>\n<meta property=\"og:type\" content=\"article\" \/>\n<meta property=\"og:title\" content=\"Devis Taxi Moto Paris \u2013 R\u00e9servez Votre Course Rapide\" \/>\n<meta property=\"og:description\" content=\"Obtenez un devis instantan\u00e9 pour votre course en taxi moto \u00e0 Paris. Service rapide, s\u00fbr et disponible 24\/7. R\u00e9servez facilement en ligne d\u00e8s maintenant !\" \/>\n<meta property=\"og:url\" content=\"https:\/\/taxi-moto.com\/paris\/devis\/\" \/>\n<meta property=\"og:site_name\" content=\"Taxi Moto Paris\" \/>\n<meta property=\"article:modified_time\" content=\"2025-10-04T20:45:25+00:00\" \/>\n<meta name=\"twitter:card\" content=\"summary_large_image\" \/>\n<meta name=\"twitter:label1\" content=\"Dur\u00e9e de lecture estim\u00e9e\" \/>\n\t<meta name=\"twitter:data1\" content=\"1 minute\" \/>\n<script type=\"application\/ld+json\" class=\"yoast-schema-graph\">{\"@context\":\"https:\/\/schema.org\",\"@graph\":[{\"@type\":\"WebPage\",\"@id\":\"https:\/\/taxi-moto.com\/paris\/devis\/\",\"url\":\"https:\/\/taxi-moto.com\/paris\/devis\/\",\"name\":\"Devis Taxi Moto Paris \u2013 R\u00e9servez Votre Course Rapide\",\"isPartOf\":{\"@id\":\"https:\/\/taxi-moto.com\/paris\/#website\"},\"datePublished\":\"2025-08-06T17:27:29+00:00\",\"dateModified\":\"2025-10-04T20:45:25+00:00\",\"description\":\"Obtenez un devis instantan\u00e9 pour votre course en taxi moto \u00e0 Paris. Service rapide, s\u00fbr et disponible 24\/7. R\u00e9servez facilement en ligne d\u00e8s maintenant !\",\"breadcrumb\":{\"@id\":\"https:\/\/taxi-moto.com\/paris\/devis\/#breadcrumb\"},\"inLanguage\":\"fr-FR\",\"potentialAction\":[{\"@type\":\"ReadAction\",\"target\":[\"https:\/\/taxi-moto.com\/paris\/devis\/\"]}]},{\"@type\":\"BreadcrumbList\",\"@id\":\"https:\/\/taxi-moto.com\/paris\/devis\/#breadcrumb\",\"itemListElement\":[{\"@type\":\"ListItem\",\"position\":1,\"name\":\"Accueil\",\"item\":\"https:\/\/taxi-moto.com\/paris\/\"},{\"@type\":\"ListItem\",\"position\":2,\"name\":\"Devis\"}]},{\"@type\":\"WebSite\",\"@id\":\"https:\/\/taxi-moto.com\/paris\/#website\",\"url\":\"https:\/\/taxi-moto.com\/paris\/\",\"name\":\"Taxi Moto Paris\",\"description\":\"\",\"potentialAction\":[{\"@type\":\"SearchAction\",\"target\":{\"@type\":\"EntryPoint\",\"urlTemplate\":\"https:\/\/taxi-moto.com\/paris\/?s={search_term_string}\"},\"query-input\":{\"@type\":\"PropertyValueSpecification\",\"valueRequired\":true,\"valueName\":\"search_term_string\"}}],\"inLanguage\":\"fr-FR\"}]}<\/script>\n<!-- \/ Yoast SEO plugin. -->","yoast_head_json":{"title":"Devis Taxi Moto Paris \u2013 R\u00e9servez Votre Course Rapide","description":"Obtenez un devis instantan\u00e9 pour votre course en taxi moto \u00e0 Paris. Service rapide, s\u00fbr et disponible 24\/7. R\u00e9servez facilement en ligne d\u00e8s maintenant !","robots":{"index":"index","follow":"follow","max-snippet":"max-snippet:-1","max-image-preview":"max-image-preview:large","max-video-preview":"max-video-preview:-1"},"canonical":"https:\/\/taxi-moto.com\/paris\/devis\/","og_locale":"fr_FR","og_type":"article","og_title":"Devis Taxi Moto Paris \u2013 R\u00e9servez Votre Course Rapide","og_description":"Obtenez un devis instantan\u00e9 pour votre course en taxi moto \u00e0 Paris. Service rapide, s\u00fbr et disponible 24\/7. R\u00e9servez facilement en ligne d\u00e8s maintenant !","og_url":"https:\/\/taxi-moto.com\/paris\/devis\/","og_site_name":"Taxi Moto Paris","article_modified_time":"2025-10-04T20:45:25+00:00","twitter_card":"summary_large_image","twitter_misc":{"Dur\u00e9e de lecture estim\u00e9e":"1 minute"},"schema":{"@context":"https:\/\/schema.org","@graph":[{"@type":"WebPage","@id":"https:\/\/taxi-moto.com\/paris\/devis\/","url":"https:\/\/taxi-moto.com\/paris\/devis\/","name":"Devis Taxi Moto Paris \u2013 R\u00e9servez Votre Course Rapide","isPartOf":{"@id":"https:\/\/taxi-moto.com\/paris\/#website"},"datePublished":"2025-08-06T17:27:29+00:00","dateModified":"2025-10-04T20:45:25+00:00","description":"Obtenez un devis instantan\u00e9 pour votre course en taxi moto \u00e0 Paris. Service rapide, s\u00fbr et disponible 24\/7. R\u00e9servez facilement en ligne d\u00e8s maintenant !","breadcrumb":{"@id":"https:\/\/taxi-moto.com\/paris\/devis\/#breadcrumb"},"inLanguage":"fr-FR","potentialAction":[{"@type":"ReadAction","target":["https:\/\/taxi-moto.com\/paris\/devis\/"]}]},{"@type":"BreadcrumbList","@id":"https:\/\/taxi-moto.com\/paris\/devis\/#breadcrumb","itemListElement":[{"@type":"ListItem","position":1,"name":"Accueil","item":"https:\/\/taxi-moto.com\/paris\/"},{"@type":"ListItem","position":2,"name":"Devis"}]},{"@type":"WebSite","@id":"https:\/\/taxi-moto.com\/paris\/#website","url":"https:\/\/taxi-moto.com\/paris\/","name":"Taxi Moto Paris","description":"","potentialAction":[{"@type":"SearchAction","target":{"@type":"EntryPoint","urlTemplate":"https:\/\/taxi-moto.com\/paris\/?s={search_term_string}"},"query-input":{"@type":"PropertyValueSpecification","valueRequired":true,"valueName":"search_term_string"}}],"inLanguage":"fr-FR"}]}},"_links":{"self":[{"href":"https:\/\/taxi-moto.com\/paris\/wp-json\/wp\/v2\/pages\/10721","targetHints":{"allow":["GET"]}}],"collection":[{"href":"https:\/\/taxi-moto.com\/paris\/wp-json\/wp\/v2\/pages"}],"about":[{"href":"https:\/\/taxi-moto.com\/paris\/wp-json\/wp\/v2\/types\/page"}],"author":[{"embeddable":true,"href":"https:\/\/taxi-moto.com\/paris\/wp-json\/wp\/v2\/users\/1"}],"replies":[{"embeddable":true,"href":"https:\/\/taxi-moto.com\/paris\/wp-json\/wp\/v2\/comments?post=10721"}],"version-history":[{"count":19,"href":"https:\/\/taxi-moto.com\/paris\/wp-json\/wp\/v2\/pages\/10721\/revisions"}],"predecessor-version":[{"id":13433,"href":"https:\/\/taxi-moto.com\/paris\/wp-json\/wp\/v2\/pages\/10721\/revisions\/13433"}],"wp:attachment":[{"href":"https:\/\/taxi-moto.com\/paris\/wp-json\/wp\/v2\/media?parent=10721"}],"curies":[{"name":"wp","href":"https:\/\/api.w.org\/{rel}","templated":true}]}}